{"id":3,"date":"2025-09-13T21:16:48","date_gmt":"2025-09-13T21:16:48","guid":{"rendered":"http:\/\/animeralac.com\/?page_id=3"},"modified":"2025-10-11T16:35:28","modified_gmt":"2025-10-11T21:35:28","slug":"privacy-policy","status":"publish","type":"page","link":"https:\/\/animeralac.com\/es\/privacy-policy\/","title":{"rendered":"Privacy Policy"},"content":{"rendered":"<p><strong>\u00daltima actualizaci\u00f3n:<\/strong> 11 de octubre de 2025<\/p>\n\n\n\n<p>En <strong>Animeralac.com<\/strong>, nos tomamos muy en serio la privacidad y seguridad de nuestros usuarios. Esta Pol\u00edtica de Privacidad describe c\u00f3mo recopilamos, utilizamos y protegemos la informaci\u00f3n personal que nos proporcionas al navegar por nuestro sitio web, realizar una compra o interactuar con nuestros servicios.<\/p>\n\n\n\n<hr class=\"wp-block-separator has-alpha-channel-opacity\"\/>\n\n\n\n<h2 class=\"wp-block-heading\"><strong>1. Responsable del Tratamiento<\/strong><\/h2>\n\n\n\n<p><strong>Titular del sitio web:<\/strong> Animeralac.com<br><strong>Correo de contacto:<\/strong> <a>animeralac@gmail.com<\/a><br><strong>Finalidad:<\/strong> Venta online de productos relacionados con cultura pop, anime, moda y accesorios personalizados.<\/p>\n\n\n\n<hr class=\"wp-block-separator has-alpha-channel-opacity\"\/>\n\n\n\n<h2 class=\"wp-block-heading\"><strong>2. Informaci\u00f3n que Recopilamos<\/strong><\/h2>\n\n\n\n<h3 class=\"wp-block-heading\"><strong>a. Informaci\u00f3n Personal<\/strong><\/h3>\n\n\n\n<p>Cuando realizas una compra, creas una cuenta o te comunicas con nosotros, podemos recopilar datos como:<\/p>\n\n\n\n<ul class=\"wp-block-list\">\n<li>Nombre y apellidos<\/li>\n\n\n\n<li>Direcci\u00f3n de env\u00edo y facturaci\u00f3n<\/li>\n\n\n\n<li>Correo electr\u00f3nico<\/li>\n\n\n\n<li>N\u00famero de tel\u00e9fono<\/li>\n\n\n\n<li>Datos de pago (procesados de forma segura a trav\u00e9s de pasarelas externas como PayPal, Stripe u otras plataformas seguras)<\/li>\n<\/ul>\n\n\n\n<h3 class=\"wp-block-heading\"><strong>b. Informaci\u00f3n No Personal<\/strong><\/h3>\n\n\n\n<p>Autom\u00e1ticamente podemos recopilar informaci\u00f3n t\u00e9cnica como:<\/p>\n\n\n\n<ul class=\"wp-block-list\">\n<li>Direcci\u00f3n IP<\/li>\n\n\n\n<li>Tipo de navegador y dispositivo<\/li>\n\n\n\n<li>P\u00e1ginas visitadas y duraci\u00f3n de la sesi\u00f3n<\/li>\n\n\n\n<li>Cookies y tecnolog\u00edas similares para mejorar tu experiencia de usuario<\/li>\n<\/ul>\n\n\n\n<hr class=\"wp-block-separator has-alpha-channel-opacity\"\/>\n\n\n\n<h2 class=\"wp-block-heading\"><strong>3. Finalidad del Tratamiento<\/strong><\/h2>\n\n\n\n<p>Los datos se utilizan para:<\/p>\n\n\n\n<ul class=\"wp-block-list\">\n<li>Procesar y enviar tus pedidos<\/li>\n\n\n\n<li>Gestionar tu cuenta y tus preferencias<\/li>\n\n\n\n<li>Enviar notificaciones sobre el estado del pedido<\/li>\n\n\n\n<li>Ofrecer soporte al cliente<\/li>\n\n\n\n<li>Enviar promociones y novedades (solo con tu consentimiento previo)<\/li>\n\n\n\n<li>Mejorar la experiencia en el sitio web<\/li>\n<\/ul>\n\n\n\n<hr class=\"wp-block-separator has-alpha-channel-opacity\"\/>\n\n\n\n<h2 class=\"wp-block-heading\"><strong>4. Base Legal del Tratamiento<\/strong><\/h2>\n\n\n\n<p>El tratamiento de tus datos se fundamenta en:<\/p>\n\n\n\n<ul class=\"wp-block-list\">\n<li><strong>Ejecuci\u00f3n de un contrato:<\/strong> para procesar tus compras.<\/li>\n\n\n\n<li><strong>Consentimiento del usuario:<\/strong> para comunicaciones comerciales o suscripci\u00f3n a boletines.<\/li>\n\n\n\n<li><strong>Inter\u00e9s leg\u00edtimo:<\/strong> para mejorar nuestros servicios y prevenir fraudes.<\/li>\n<\/ul>\n\n\n\n<hr class=\"wp-block-separator has-alpha-channel-opacity\"\/>\n\n\n\n<h2 class=\"wp-block-heading\"><strong>5. Conservaci\u00f3n de los Datos<\/strong><\/h2>\n\n\n\n<p>Tus datos se conservar\u00e1n el tiempo necesario para cumplir con las finalidades mencionadas o mientras exista una relaci\u00f3n comercial. Posteriormente, ser\u00e1n eliminados o anonimizados.<\/p>\n\n\n\n<hr class=\"wp-block-separator has-alpha-channel-opacity\"\/>\n\n\n\n<h2 class=\"wp-block-heading\"><strong>6. Comunicaci\u00f3n de Datos a Terceros<\/strong><\/h2>\n\n\n\n<p>No compartimos tus datos con terceros, salvo en los siguientes casos:<\/p>\n\n\n\n<ul class=\"wp-block-list\">\n<li><strong>Proveedores de servicios de pago y log\u00edstica<\/strong> (PayPal, Stripe, USPS, etc.)<\/li>\n\n\n\n<li><strong>Plataformas de marketing o an\u00e1lisis<\/strong> (Google Analytics, Meta Ads, etc.), siempre bajo condiciones de confidencialidad y protecci\u00f3n de datos.<\/li>\n\n\n\n<li><strong>Cumplimiento legal:<\/strong> cuando sea requerido por una autoridad competente.<\/li>\n<\/ul>\n\n\n\n<hr class=\"wp-block-separator has-alpha-channel-opacity\"\/>\n\n\n\n<h2 class=\"wp-block-heading\"><strong>7. Seguridad de la Informaci\u00f3n<\/strong><\/h2>\n\n\n\n<p>Animeralac.com implementa medidas t\u00e9cnicas y organizativas adecuadas para proteger tus datos contra p\u00e9rdida, acceso no autorizado, alteraci\u00f3n o divulgaci\u00f3n indebida.<\/p>\n\n\n\n<hr class=\"wp-block-separator has-alpha-channel-opacity\"\/>\n\n\n\n<h2 class=\"wp-block-heading\"><strong>8. Derechos del Usuario<\/strong><\/h2>\n\n\n\n<p>Puedes ejercer tus derechos de:<\/p>\n\n\n\n<ul class=\"wp-block-list\">\n<li>Acceso, rectificaci\u00f3n o supresi\u00f3n de tus datos<\/li>\n\n\n\n<li>Limitaci\u00f3n u oposici\u00f3n al tratamiento<\/li>\n\n\n\n<li>Portabilidad de datos<\/li>\n\n\n\n<li>Retirar tu consentimiento en cualquier momento<\/li>\n<\/ul>\n\n\n\n<p>Para hacerlo, escr\u00edbenos a <a>animeralac@gmail.com<\/a> con el asunto <strong>\u201cDerechos de Privacidad\u201d<\/strong>.<\/p>\n\n\n\n<hr class=\"wp-block-separator has-alpha-channel-opacity\"\/>\n\n\n\n<h2 class=\"wp-block-heading\"><strong>9. Uso de Cookies<\/strong><\/h2>\n\n\n\n<p>Utilizamos cookies para mejorar tu experiencia en el sitio. Puedes gestionar tus preferencias o desactivar las cookies desde la configuraci\u00f3n de tu navegador. Para m\u00e1s detalles, consulta nuestra <strong><a>Pol\u00edtica de Cookies<\/a><\/strong>.<\/p>\n\n\n\n<hr class=\"wp-block-separator has-alpha-channel-opacity\"\/>\n\n\n\n<h2 class=\"wp-block-heading\"><strong>10. Enlaces a Terceros<\/strong><\/h2>\n\n\n\n<p>Nuestro sitio puede incluir enlaces a plataformas externas (por ejemplo, redes sociales o pasarelas de pago). No somos responsables de las pr\u00e1cticas de privacidad de dichos sitios. Te recomendamos leer sus pol\u00edticas antes de interactuar con ellos.<\/p>\n\n\n\n<hr class=\"wp-block-separator has-alpha-channel-opacity\"\/>\n\n\n\n<h2 class=\"wp-block-heading\"><strong>11. Cambios en Esta Pol\u00edtica<\/strong><\/h2>\n\n\n\n<p>Animeralac.com se reserva el derecho de modificar esta pol\u00edtica en cualquier momento. Las modificaciones ser\u00e1n publicadas en esta misma p\u00e1gina con la fecha de actualizaci\u00f3n correspondiente.<\/p>\n\n\n\n<hr class=\"wp-block-separator has-alpha-channel-opacity\"\/>\n\n\n\n<h2 class=\"wp-block-heading\"><strong>12. Contacto<\/strong><\/h2>\n\n\n\n<p>Si tienes dudas o solicitudes sobre esta pol\u00edtica, puedes contactarnos en:<br>\ud83d\udce9 <strong><a>animeralac@gmail.com<\/a><\/strong><br>\ud83c\udf10 <strong><a href=\"https:\/\/animeralac.com\/es\/\">https:\/\/animeralac.com<\/a><\/strong><\/p>","protected":false},"excerpt":{"rendered":"<p>\u00daltima actualizaci\u00f3n: 11 de octubre de 2025 En Animeralac.com, nos tomamos muy en serio la privacidad y seguridad de nuestros usuarios. Esta Pol\u00edtica de Privacidad describe c\u00f3mo recopilamos, utilizamos y protegemos la informaci\u00f3n personal que nos proporcionas al navegar por nuestro sitio web, realizar una compra o interactuar con nuestros servicios. 1. Responsable del Tratamiento [&hellip;]<\/p>\n","protected":false},"author":1,"featured_media":0,"parent":0,"menu_order":0,"comment_status":"closed","ping_status":"open","template":"","meta":{"footnotes":""},"class_list":["post-3","page","type-page","status-publish","hentry"],"blocksy_meta":[],"yoast_head":"<!-- This site is optimized with the Yoast SEO plugin v27.4 - https:\/\/yoast.com\/product\/yoast-seo-wordpress\/ -->\n<title>\u25b7 Privacy Policy<\/title>\n<meta name=\"description\" content=\"\u00daltima actualizaci\u00f3n: 11 de octubre de 2025 En Animeralac.com, nos tomamos muy en serio la privacidad y seguridad de nuestros usuarios. Esta Pol\u00edtica de \u27a4\" \/>\n<meta name=\"robots\" content=\"noindex, nofollow\" \/>\n<script type=\"application\/ld+json\" class=\"yoast-schema-graph\">{\"@context\":\"https:\\\/\\\/schema.org\",\"@graph\":[{\"@type\":\"WebPage\",\"@id\":\"https:\\\/\\\/animeralac.com\\\/privacy-policy\\\/\",\"url\":\"https:\\\/\\\/animeralac.com\\\/privacy-policy\\\/\",\"name\":\"\u25b7 Privacy Policy\",\"isPartOf\":{\"@id\":\"https:\\\/\\\/animeralac.com\\\/#website\"},\"datePublished\":\"2025-09-13T21:16:48+00:00\",\"dateModified\":\"2025-10-11T21:35:28+00:00\",\"description\":\"\u00daltima actualizaci\u00f3n: 11 de octubre de 2025 En Animeralac.com, nos tomamos muy en serio la privacidad y seguridad de nuestros usuarios. Esta Pol\u00edtica de \u27a4\",\"breadcrumb\":{\"@id\":\"https:\\\/\\\/animeralac.com\\\/privacy-policy\\\/#breadcrumb\"},\"inLanguage\":\"es\",\"potentialAction\":[{\"@type\":\"ReadAction\",\"target\":[\"https:\\\/\\\/animeralac.com\\\/privacy-policy\\\/\"]}]},{\"@type\":\"BreadcrumbList\",\"@id\":\"https:\\\/\\\/animeralac.com\\\/privacy-policy\\\/#breadcrumb\",\"itemListElement\":[{\"@type\":\"ListItem\",\"position\":1,\"name\":\"Home\",\"item\":\"https:\\\/\\\/animeralac.com\\\/\"},{\"@type\":\"ListItem\",\"position\":2,\"name\":\"Privacy Policy\"}]},{\"@type\":\"WebSite\",\"@id\":\"https:\\\/\\\/animeralac.com\\\/#website\",\"url\":\"https:\\\/\\\/animeralac.com\\\/\",\"name\":\"animeralac.com\",\"description\":\"\",\"publisher\":{\"@id\":\"https:\\\/\\\/animeralac.com\\\/#organization\"},\"potentialAction\":[{\"@type\":\"SearchAction\",\"target\":{\"@type\":\"EntryPoint\",\"urlTemplate\":\"https:\\\/\\\/animeralac.com\\\/?s={search_term_string}\"},\"query-input\":{\"@type\":\"PropertyValueSpecification\",\"valueRequired\":true,\"valueName\":\"search_term_string\"}}],\"inLanguage\":\"es\"},{\"@type\":\"Organization\",\"@id\":\"https:\\\/\\\/animeralac.com\\\/#organization\",\"name\":\"animeralac.com\",\"url\":\"https:\\\/\\\/animeralac.com\\\/\",\"logo\":{\"@type\":\"ImageObject\",\"inLanguage\":\"es\",\"@id\":\"https:\\\/\\\/animeralac.com\\\/#\\\/schema\\\/logo\\\/image\\\/\",\"url\":\"https:\\\/\\\/animeralac.com\\\/wp-content\\\/uploads\\\/2025\\\/09\\\/Logo-AnimeRalac-Online-store.webp\",\"contentUrl\":\"https:\\\/\\\/animeralac.com\\\/wp-content\\\/uploads\\\/2025\\\/09\\\/Logo-AnimeRalac-Online-store.webp\",\"width\":1660,\"height\":560,\"caption\":\"animeralac.com\"},\"image\":{\"@id\":\"https:\\\/\\\/animeralac.com\\\/#\\\/schema\\\/logo\\\/image\\\/\"}}]}<\/script>\n<!-- \/ Yoast SEO plugin. -->","yoast_head_json":{"title":"\u25b7 Privacy Policy","description":"\u00daltima actualizaci\u00f3n: 11 de octubre de 2025 En Animeralac.com, nos tomamos muy en serio la privacidad y seguridad de nuestros usuarios. Esta Pol\u00edtica de \u27a4","robots":{"index":"noindex","follow":"nofollow"},"schema":{"@context":"https:\/\/schema.org","@graph":[{"@type":"WebPage","@id":"https:\/\/animeralac.com\/privacy-policy\/","url":"https:\/\/animeralac.com\/privacy-policy\/","name":"\u25b7 Privacy Policy","isPartOf":{"@id":"https:\/\/animeralac.com\/#website"},"datePublished":"2025-09-13T21:16:48+00:00","dateModified":"2025-10-11T21:35:28+00:00","description":"\u00daltima actualizaci\u00f3n: 11 de octubre de 2025 En Animeralac.com, nos tomamos muy en serio la privacidad y seguridad de nuestros usuarios. Esta Pol\u00edtica de \u27a4","breadcrumb":{"@id":"https:\/\/animeralac.com\/privacy-policy\/#breadcrumb"},"inLanguage":"es","potentialAction":[{"@type":"ReadAction","target":["https:\/\/animeralac.com\/privacy-policy\/"]}]},{"@type":"BreadcrumbList","@id":"https:\/\/animeralac.com\/privacy-policy\/#breadcrumb","itemListElement":[{"@type":"ListItem","position":1,"name":"Home","item":"https:\/\/animeralac.com\/"},{"@type":"ListItem","position":2,"name":"Privacy Policy"}]},{"@type":"WebSite","@id":"https:\/\/animeralac.com\/#website","url":"https:\/\/animeralac.com\/","name":"animeralac.com","description":"","publisher":{"@id":"https:\/\/animeralac.com\/#organization"},"potentialAction":[{"@type":"SearchAction","target":{"@type":"EntryPoint","urlTemplate":"https:\/\/animeralac.com\/?s={search_term_string}"},"query-input":{"@type":"PropertyValueSpecification","valueRequired":true,"valueName":"search_term_string"}}],"inLanguage":"es"},{"@type":"Organization","@id":"https:\/\/animeralac.com\/#organization","name":"animeralac.com","url":"https:\/\/animeralac.com\/","logo":{"@type":"ImageObject","inLanguage":"es","@id":"https:\/\/animeralac.com\/#\/schema\/logo\/image\/","url":"https:\/\/animeralac.com\/wp-content\/uploads\/2025\/09\/Logo-AnimeRalac-Online-store.webp","contentUrl":"https:\/\/animeralac.com\/wp-content\/uploads\/2025\/09\/Logo-AnimeRalac-Online-store.webp","width":1660,"height":560,"caption":"animeralac.com"},"image":{"@id":"https:\/\/animeralac.com\/#\/schema\/logo\/image\/"}}]}},"_hostinger_reach_plugin_has_subscription_block":false,"_hostinger_reach_plugin_is_elementor":false,"jetpack_sharing_enabled":true,"_links":{"self":[{"href":"https:\/\/animeralac.com\/es\/wp-json\/wp\/v2\/pages\/3","targetHints":{"allow":["GET"]}}],"collection":[{"href":"https:\/\/animeralac.com\/es\/wp-json\/wp\/v2\/pages"}],"about":[{"href":"https:\/\/animeralac.com\/es\/wp-json\/wp\/v2\/types\/page"}],"author":[{"embeddable":true,"href":"https:\/\/animeralac.com\/es\/wp-json\/wp\/v2\/users\/1"}],"replies":[{"embeddable":true,"href":"https:\/\/animeralac.com\/es\/wp-json\/wp\/v2\/comments?post=3"}],"version-history":[{"count":1,"href":"https:\/\/animeralac.com\/es\/wp-json\/wp\/v2\/pages\/3\/revisions"}],"predecessor-version":[{"id":1535,"href":"https:\/\/animeralac.com\/es\/wp-json\/wp\/v2\/pages\/3\/revisions\/1535"}],"wp:attachment":[{"href":"https:\/\/animeralac.com\/es\/wp-json\/wp\/v2\/media?parent=3"}],"curies":[{"name":"wp","href":"https:\/\/api.w.org\/{rel}","templated":true}]}}